{"id":30,"date":"2022-07-25T23:28:48","date_gmt":"2022-07-25T23:28:48","guid":{"rendered":"https:\/\/fantastictoursmiami.com\/?page_id=30"},"modified":"2025-09-24T19:44:46","modified_gmt":"2025-09-24T23:44:46","slug":"about-us","status":"publish","type":"page","link":"https:\/\/fantastictoursmiami.com\/es\/about-us\/","title":{"rendered":"About us"},"content":{"rendered":"<div data-elementor-type=\"wp-page\" data-elementor-id=\"30\" class=\"elementor elementor-30\" data-elementor-post-type=\"page\">\n\t\t\t\t\t\t<section class=\"elementor-section elementor-top-section elementor-element elementor-element-50ab6e9 elementor-section-boxed elementor-section-height-default elementor-section-height-default\" data-id=\"50ab6e9\" data-element_type=\"section\" data-settings=\"{&quot;background_background&quot;:&quot;classic&quot;}\">\n\t\t\t\t\t\t<div class=\"elementor-container elementor-column-gap-default\">\n\t\t\t\t\t<div class=\"elementor-column elementor-col-50 elementor-top-column elementor-element elementor-element-ef41088\" data-id=\"ef41088\" data-element_type=\"column\">\n\t\t\t<div class=\"elementor-widget-wrap elementor-element-populated\">\n\t\t\t\t\t\t<div class=\"elementor-element elementor-element-d96d597 elementor-widget elementor-widget-heading\" data-id=\"d96d597\" data-element_type=\"widget\" data-widget_type=\"heading.default\">\n\t\t\t\t<div class=\"elementor-widget-container\">\n\t\t\t\t\t<h4 class=\"elementor-heading-title elementor-size-default\">La Historia<\/h4>\t\t\t\t<\/div>\n\t\t\t\t<\/div>\n\t\t\t\t<div class=\"elementor-element elementor-element-32dcfae elementor-widget elementor-widget-heading\" data-id=\"32dcfae\" data-element_type=\"widget\" data-widget_type=\"heading.default\">\n\t\t\t\t<div class=\"elementor-widget-container\">\n\t\t\t\t\t<h4 class=\"elementor-heading-title elementor-size-default\">Sobre Nosotros<\/h4>\t\t\t\t<\/div>\n\t\t\t\t<\/div>\n\t\t\t\t\t<\/div>\n\t\t<\/div>\n\t\t\t\t<div class=\"elementor-column elementor-col-50 elementor-top-column elementor-element elementor-element-f5cd589\" data-id=\"f5cd589\" data-element_type=\"column\">\n\t\t\t<div class=\"elementor-widget-wrap\">\n\t\t\t\t\t\t\t<\/div>\n\t\t<\/div>\n\t\t\t\t\t<\/div>\n\t\t<\/section>\n\t\t\t\t<section class=\"elementor-section elementor-top-section elementor-element elementor-element-ef7c1e3 elementor-section-boxed elementor-section-height-default elementor-section-height-default\" data-id=\"ef7c1e3\" data-element_type=\"section\">\n\t\t\t\t\t\t<div class=\"elementor-container elementor-column-gap-default\">\n\t\t\t\t\t<div class=\"elementor-column elementor-col-25 elementor-top-column elementor-element elementor-element-431b8af\" data-id=\"431b8af\" data-element_type=\"column\">\n\t\t\t<div class=\"elementor-widget-wrap elementor-element-populated\">\n\t\t\t\t\t\t<div class=\"elementor-element elementor-element-b1bd94e elementor-widget elementor-widget-heading\" data-id=\"b1bd94e\" data-element_type=\"widget\" data-widget_type=\"heading.default\">\n\t\t\t\t<div class=\"elementor-widget-container\">\n\t\t\t\t\t<h4 class=\"elementor-heading-title elementor-size-default\">Mejores Tours<\/h4>\t\t\t\t<\/div>\n\t\t\t\t<\/div>\n\t\t\t\t<div class=\"elementor-element elementor-element-045afe8 elementor-widget elementor-widget-text-editor\" data-id=\"045afe8\" data-element_type=\"widget\" data-widget_type=\"text-editor.default\">\n\t\t\t\t<div class=\"elementor-widget-container\">\n\t\t\t\t\t\t\t\t\t<p><span lang=\"EN-US\">Tenemos planes incre\u00edbles para ti y tu familia, ven y d\u00e9janos mostrarte el camino hacia la diversi\u00f3n.<\/span><\/p>\t\t\t\t\t\t\t\t<\/div>\n\t\t\t\t<\/div>\n\t\t\t\t\t<\/div>\n\t\t<\/div>\n\t\t\t\t<div class=\"elementor-column elementor-col-25 elementor-top-column elementor-element elementor-element-b65020a\" data-id=\"b65020a\" data-element_type=\"column\">\n\t\t\t<div class=\"elementor-widget-wrap elementor-element-populated\">\n\t\t\t\t\t\t<div class=\"elementor-element elementor-element-d038a50 elementor-widget elementor-widget-heading\" data-id=\"d038a50\" data-element_type=\"widget\" data-widget_type=\"heading.default\">\n\t\t\t\t<div class=\"elementor-widget-container\">\n\t\t\t\t\t<h4 class=\"elementor-heading-title elementor-size-default\">Mejores Gu\u00edas<\/h4>\t\t\t\t<\/div>\n\t\t\t\t<\/div>\n\t\t\t\t<div class=\"elementor-element elementor-element-39158ab elementor-widget elementor-widget-text-editor\" data-id=\"39158ab\" data-element_type=\"widget\" data-widget_type=\"text-editor.default\">\n\t\t\t\t<div class=\"elementor-widget-container\">\n\t\t\t\t\t\t\t\t\t<div class=\"gdlr-core-pbf-column gdlr-core-column-15\"><div class=\"gdlr-core-pbf-column-content-margin gdlr-core-js\"><div class=\"gdlr-core-pbf-column-content clearfix gdlr-core-js\" data-gdlr-animation-duration=\"600ms\" data-gdlr-animation-offset=\"0.8\"><div class=\"gdlr-core-pbf-element\"><div class=\"gdlr-core-text-box-item gdlr-core-item-pdlr gdlr-core-item-pdb gdlr-core-center-align\"><div class=\"gdlr-core-text-box-item-content\"><p><span lang=\"EN-US\">No basta con conocer los lugares, lo que realmente marca la diferencia es conocer la historia que hay detr\u00e1s de ellos.<\/span><\/p><\/div><\/div><\/div><\/div><\/div><\/div>\t\t\t\t\t\t\t\t<\/div>\n\t\t\t\t<\/div>\n\t\t\t\t\t<\/div>\n\t\t<\/div>\n\t\t\t\t<div class=\"elementor-column elementor-col-25 elementor-top-column elementor-element elementor-element-0d4ed26\" data-id=\"0d4ed26\" data-element_type=\"column\">\n\t\t\t<div class=\"elementor-widget-wrap elementor-element-populated\">\n\t\t\t\t\t\t<div class=\"elementor-element elementor-element-0101f1b elementor-widget elementor-widget-heading\" data-id=\"0101f1b\" data-element_type=\"widget\" data-widget_type=\"heading.default\">\n\t\t\t\t<div class=\"elementor-widget-container\">\n\t\t\t\t\t<h4 class=\"elementor-heading-title elementor-size-default\">Todos los D\u00edas<\/h4>\t\t\t\t<\/div>\n\t\t\t\t<\/div>\n\t\t\t\t<div class=\"elementor-element elementor-element-9164e55 elementor-widget elementor-widget-text-editor\" data-id=\"9164e55\" data-element_type=\"widget\" data-widget_type=\"text-editor.default\">\n\t\t\t\t<div class=\"elementor-widget-container\">\n\t\t\t\t\t\t\t\t\t<div class=\"gdlr-core-pbf-column gdlr-core-column-15\"><div class=\"gdlr-core-pbf-column-content-margin gdlr-core-js\"><div class=\"gdlr-core-pbf-column-content clearfix gdlr-core-js\" data-gdlr-animation-duration=\"600ms\" data-gdlr-animation-offset=\"0.8\"><div class=\"gdlr-core-pbf-element\"><div class=\"gdlr-core-text-box-item gdlr-core-item-pdlr gdlr-core-item-pdb gdlr-core-center-align\"><div class=\"gdlr-core-text-box-item-content\"><p><span lang=\"EN-US\">Abrimos todos los d\u00edas de la semana con el objetivo de estar disponibles en cualquier momento para ti.<\/span><\/p><\/div><\/div><\/div><\/div><\/div><\/div>\t\t\t\t\t\t\t\t<\/div>\n\t\t\t\t<\/div>\n\t\t\t\t\t<\/div>\n\t\t<\/div>\n\t\t\t\t<div class=\"elementor-column elementor-col-25 elementor-top-column elementor-element elementor-element-0a05065\" data-id=\"0a05065\" data-element_type=\"column\">\n\t\t\t<div class=\"elementor-widget-wrap elementor-element-populated\">\n\t\t\t\t\t\t<div class=\"elementor-element elementor-element-9287e25 elementor-widget elementor-widget-heading\" data-id=\"9287e25\" data-element_type=\"widget\" data-widget_type=\"heading.default\">\n\t\t\t\t<div class=\"elementor-widget-container\">\n\t\t\t\t\t<h4 class=\"elementor-heading-title elementor-size-default\">Full Experiencia<\/h4>\t\t\t\t<\/div>\n\t\t\t\t<\/div>\n\t\t\t\t<div class=\"elementor-element elementor-element-83f4463 elementor-widget elementor-widget-text-editor\" data-id=\"83f4463\" data-element_type=\"widget\" data-widget_type=\"text-editor.default\">\n\t\t\t\t<div class=\"elementor-widget-container\">\n\t\t\t\t\t\t\t\t\t<div class=\"gdlr-core-pbf-wrapper\"><div class=\"gdlr-core-pbf-wrapper-content gdlr-core-js\"><div class=\"gdlr-core-pbf-wrapper-container clearfix gdlr-core-container\"><div class=\"gdlr-core-pbf-column gdlr-core-column-15\"><div class=\"gdlr-core-pbf-column-content-margin gdlr-core-js\"><div class=\"gdlr-core-pbf-column-content clearfix gdlr-core-js\" data-gdlr-animation-duration=\"600ms\" data-gdlr-animation-offset=\"0.8\"><div class=\"gdlr-core-pbf-element\"><div class=\"gdlr-core-text-box-item gdlr-core-item-pdlr gdlr-core-item-pdb gdlr-core-center-align\"><div class=\"gdlr-core-text-box-item-content\"><p><span lang=\"EN-US\">M\u00e1s de 8 a\u00f1os entregando alegr\u00edas y diversi\u00f3n a nuestros clientes.<\/span><\/p><\/div><\/div><\/div><\/div><\/div><\/div><\/div><\/div><\/div>\t\t\t\t\t\t\t\t<\/div>\n\t\t\t\t<\/div>\n\t\t\t\t\t<\/div>\n\t\t<\/div>\n\t\t\t\t\t<\/div>\n\t\t<\/section>\n\t\t\t\t<section class=\"elementor-section elementor-top-section elementor-element elementor-element-64cc950 elementor-section-full_width elementor-section-height-default elementor-section-height-default\" data-id=\"64cc950\" data-element_type=\"section\">\n\t\t\t\t\t\t<div class=\"elementor-container elementor-column-gap-default\">\n\t\t\t\t\t<div class=\"elementor-column elementor-col-50 elementor-top-column elementor-element elementor-element-f61ccea\" data-id=\"f61ccea\" data-element_type=\"column\" data-settings=\"{&quot;background_background&quot;:&quot;classic&quot;}\">\n\t\t\t<div class=\"elementor-widget-wrap elementor-element-populated\">\n\t\t\t\t\t<div class=\"elementor-background-overlay\"><\/div>\n\t\t\t\t\t\t<div class=\"elementor-element elementor-element-6b61d27 elementor-widget elementor-widget-heading\" data-id=\"6b61d27\" data-element_type=\"widget\" data-widget_type=\"heading.default\">\n\t\t\t\t<div class=\"elementor-widget-container\">\n\t\t\t\t\t<h4 class=\"elementor-heading-title elementor-size-default\">M\u00e1xima Calidad Garantizada\n<\/h4>\t\t\t\t<\/div>\n\t\t\t\t<\/div>\n\t\t\t\t<div class=\"elementor-element elementor-element-308c3b8 elementor-widget elementor-widget-text-editor\" data-id=\"308c3b8\" data-element_type=\"widget\" data-widget_type=\"text-editor.default\">\n\t\t\t\t<div class=\"elementor-widget-container\">\n\t\t\t\t\t\t\t\t\t<div class=\"gdlr-core-pbf-element\"><div class=\"gdlr-core-column-service-item gdlr-core-item-pdb gdlr-core-left-align gdlr-core-column-service-icon-left gdlr-core-no-caption gdlr-core-item-pdlr\"><div class=\"gdlr-core-column-service-content-wrapper\"><div class=\"gdlr-core-column-service-content\"><p><span lang=\"EN-US\">Nos esforzamos para que su experiencia sea de alta calidad. Cuidamos cada detalle para todos los Tours.<\/span><\/p><\/div><\/div><\/div><\/div>\t\t\t\t\t\t\t\t<\/div>\n\t\t\t\t<\/div>\n\t\t\t\t<div class=\"elementor-element elementor-element-5b09ceb elementor-widget-divider--view-line elementor-widget elementor-widget-divider\" data-id=\"5b09ceb\" data-element_type=\"widget\" data-widget_type=\"divider.default\">\n\t\t\t\t<div class=\"elementor-widget-container\">\n\t\t\t\t\t\t\t<div class=\"elementor-divider\">\n\t\t\t<span class=\"elementor-divider-separator\">\n\t\t\t\t\t\t<\/span>\n\t\t<\/div>\n\t\t\t\t\t\t<\/div>\n\t\t\t\t<\/div>\n\t\t\t\t<div class=\"elementor-element elementor-element-8235972 elementor-widget elementor-widget-heading\" data-id=\"8235972\" data-element_type=\"widget\" data-widget_type=\"heading.default\">\n\t\t\t\t<div class=\"elementor-widget-container\">\n\t\t\t\t\t<h4 class=\"elementor-heading-title elementor-size-default\">Programaci\u00f3n Flexible<\/h4>\t\t\t\t<\/div>\n\t\t\t\t<\/div>\n\t\t\t\t<div class=\"elementor-element elementor-element-860fb45 elementor-widget elementor-widget-text-editor\" data-id=\"860fb45\" data-element_type=\"widget\" data-widget_type=\"text-editor.default\">\n\t\t\t\t<div class=\"elementor-widget-container\">\n\t\t\t\t\t\t\t\t\t<div class=\"gdlr-core-pbf-element\"><div class=\"gdlr-core-column-service-item gdlr-core-item-pdb gdlr-core-left-align gdlr-core-column-service-icon-left gdlr-core-no-caption gdlr-core-item-pdlr\"><div class=\"gdlr-core-column-service-content-wrapper\"><div class=\"gdlr-core-column-service-content\"><div class=\"gdlr-core-pbf-element\"><div class=\"gdlr-core-column-service-item gdlr-core-item-pdb gdlr-core-left-align gdlr-core-column-service-icon-left gdlr-core-no-caption gdlr-core-item-pdlr\"><div class=\"gdlr-core-column-service-content-wrapper\"><div class=\"gdlr-core-column-service-content\"><p><span lang=\"EN-US\">Programamos los tours de acuerdo a su disponibilidad. Tenemos servicios tanto por la ma\u00f1ana como por la tarde. <\/span><\/p><\/div><\/div><\/div><\/div><\/div><\/div><\/div><\/div>\t\t\t\t\t\t\t\t<\/div>\n\t\t\t\t<\/div>\n\t\t\t\t<div class=\"elementor-element elementor-element-5db94a2 elementor-widget-divider--view-line elementor-widget elementor-widget-divider\" data-id=\"5db94a2\" data-element_type=\"widget\" data-widget_type=\"divider.default\">\n\t\t\t\t<div class=\"elementor-widget-container\">\n\t\t\t\t\t\t\t<div class=\"elementor-divider\">\n\t\t\t<span class=\"elementor-divider-separator\">\n\t\t\t\t\t\t<\/span>\n\t\t<\/div>\n\t\t\t\t\t\t<\/div>\n\t\t\t\t<\/div>\n\t\t\t\t<div class=\"elementor-element elementor-element-5455f21 elementor-widget elementor-widget-heading\" data-id=\"5455f21\" data-element_type=\"widget\" data-widget_type=\"heading.default\">\n\t\t\t\t<div class=\"elementor-widget-container\">\n\t\t\t\t\t<h4 class=\"elementor-heading-title elementor-size-default\">Excelentes Precios<\/h4>\t\t\t\t<\/div>\n\t\t\t\t<\/div>\n\t\t\t\t<div class=\"elementor-element elementor-element-bcc9d15 elementor-widget elementor-widget-text-editor\" data-id=\"bcc9d15\" data-element_type=\"widget\" data-widget_type=\"text-editor.default\">\n\t\t\t\t<div class=\"elementor-widget-container\">\n\t\t\t\t\t\t\t\t\t<div class=\"gdlr-core-pbf-element\"><div class=\"gdlr-core-column-service-item gdlr-core-item-pdb gdlr-core-left-align gdlr-core-column-service-icon-left gdlr-core-no-caption gdlr-core-item-pdlr\"><div class=\"gdlr-core-column-service-content-wrapper\"><div class=\"gdlr-core-column-service-content\"><div class=\"gdlr-core-pbf-column gdlr-core-column-30 gdlr-core-column-first\" data-skin=\"Dark\"><div class=\"gdlr-core-pbf-column-content-margin gdlr-core-js gdlr-core-column-extend-left\" data-sync-height=\"height-2\"><div class=\"gdlr-core-pbf-column-content clearfix gdlr-core-js gdlr-core-sync-height-content\" data-gdlr-animation-duration=\"600ms\" data-gdlr-animation-offset=\"0.8\"><div class=\"gdlr-core-pbf-element\"><div class=\"gdlr-core-column-service-item gdlr-core-item-pdb gdlr-core-left-align gdlr-core-column-service-icon-left gdlr-core-no-caption gdlr-core-item-pdlr\"><div class=\"gdlr-core-column-service-content-wrapper\"><div class=\"gdlr-core-column-service-content\"><p><span lang=\"EN-US\">Tenemos la combinaci\u00f3n perfecta de incre\u00edbles tours y precios que se ajustan a su presupuesto.<\/span><\/p><\/div><\/div><\/div><\/div><\/div><\/div><\/div><\/div><\/div><\/div><\/div>\t\t\t\t\t\t\t\t<\/div>\n\t\t\t\t<\/div>\n\t\t\t\t\t<\/div>\n\t\t<\/div>\n\t\t\t\t<div class=\"elementor-column elementor-col-50 elementor-top-column elementor-element elementor-element-4d800fb\" data-id=\"4d800fb\" data-element_type=\"column\" data-settings=\"{&quot;background_background&quot;:&quot;classic&quot;}\">\n\t\t\t<div class=\"elementor-widget-wrap elementor-element-populated\">\n\t\t\t\t\t\t<div class=\"elementor-element elementor-element-569ea38 elementor-widget elementor-widget-heading\" data-id=\"569ea38\" data-element_type=\"widget\" data-widget_type=\"heading.default\">\n\t\t\t\t<div class=\"elementor-widget-container\">\n\t\t\t\t\t<h4 class=\"elementor-heading-title elementor-size-default\">As\u00ed Empezamos<\/h4>\t\t\t\t<\/div>\n\t\t\t\t<\/div>\n\t\t\t\t<div class=\"elementor-element elementor-element-e945384 elementor-widget elementor-widget-text-editor\" data-id=\"e945384\" data-element_type=\"widget\" data-widget_type=\"text-editor.default\">\n\t\t\t\t<div class=\"elementor-widget-container\">\n\t\t\t\t\t\t\t\t\t<div class=\"gdlr-core-pbf-wrapper\"><div class=\"gdlr-core-pbf-wrapper-content gdlr-core-js\"><div class=\"gdlr-core-pbf-wrapper-container clearfix gdlr-core-container\"><div class=\"gdlr-core-pbf-column gdlr-core-column-30\"><div class=\"gdlr-core-pbf-column-content-margin gdlr-core-js gdlr-core-column-extend-right\" data-sync-height=\"height-2\" data-sync-height-center=\"\"><div class=\"gdlr-core-pbf-column-content clearfix gdlr-core-js gdlr-core-sync-height-content\" data-gdlr-animation-duration=\"600ms\" data-gdlr-animation-offset=\"0.8\"><div class=\"gdlr-core-pbf-element\"><div class=\"gdlr-core-text-box-item gdlr-core-item-pdlr gdlr-core-item-pdb gdlr-core-left-align\"><div class=\"gdlr-core-text-box-item-content\"><p>Fantastic Tours se estableci\u00f3 en 2012 para brindar transporte y recorridos profesionales de alta calidad a los turistas que visitan el \u00e1rea metropolitana de Miami. Nuestros conductores son biling\u00fces (ingl\u00e9s y espa\u00f1ol) y tienen un gran conocimiento del \u00e1rea y la gama completa de actividades disponibles en Miami.<\/p><p>Tenemos relaciones s\u00f3lidas con todos los operadores tur\u00edsticos y nos enorgullecemos de crear oportunidades para disfrutar de la gama completa de cultura local, tours y actividades recreativas en Miami.<\/p><\/div><\/div><\/div><\/div><\/div><\/div><\/div><\/div><\/div>\t\t\t\t\t\t\t\t<\/div>\n\t\t\t\t<\/div>\n\t\t\t\t\t<\/div>\n\t\t<\/div>\n\t\t\t\t\t<\/div>\n\t\t<\/section>\n\t\t\t\t<section class=\"elementor-section elementor-top-section elementor-element elementor-element-8ff98e2 elementor-section-boxed elementor-section-height-default elementor-section-height-default\" data-id=\"8ff98e2\" data-element_type=\"section\">\n\t\t\t\t\t\t<div class=\"elementor-container elementor-column-gap-default\">\n\t\t\t\t\t<div class=\"elementor-column elementor-col-33 elementor-top-column elementor-element elementor-element-6747bd7\" data-id=\"6747bd7\" data-element_type=\"column\">\n\t\t\t<div class=\"elementor-widget-wrap elementor-element-populated\">\n\t\t\t\t\t\t<div class=\"elementor-element elementor-element-f8d23ac elementor-widget elementor-widget-heading\" data-id=\"f8d23ac\" data-element_type=\"widget\" data-widget_type=\"heading.default\">\n\t\t\t\t<div class=\"elementor-widget-container\">\n\t\t\t\t\t<h4 class=\"elementor-heading-title elementor-size-default\">Miami - \u00a1Un lugar divertido que tienes que conocer!<\/h4>\t\t\t\t<\/div>\n\t\t\t\t<\/div>\n\t\t\t\t<div class=\"elementor-element elementor-element-223f566 elementor-widget-divider--view-line elementor-widget elementor-widget-divider\" data-id=\"223f566\" data-element_type=\"widget\" data-widget_type=\"divider.default\">\n\t\t\t\t<div class=\"elementor-widget-container\">\n\t\t\t\t\t\t\t<div class=\"elementor-divider\">\n\t\t\t<span class=\"elementor-divider-separator\">\n\t\t\t\t\t\t<\/span>\n\t\t<\/div>\n\t\t\t\t\t\t<\/div>\n\t\t\t\t<\/div>\n\t\t\t\t\t<\/div>\n\t\t<\/div>\n\t\t\t\t<div class=\"elementor-column elementor-col-66 elementor-top-column elementor-element elementor-element-7582d93\" data-id=\"7582d93\" data-element_type=\"column\">\n\t\t\t<div class=\"elementor-widget-wrap elementor-element-populated\">\n\t\t\t\t\t\t<div class=\"elementor-element elementor-element-d00fbf8 elementor-widget elementor-widget-text-editor\" data-id=\"d00fbf8\" data-element_type=\"widget\" data-widget_type=\"text-editor.default\">\n\t\t\t\t<div class=\"elementor-widget-container\">\n\t\t\t\t\t\t\t\t\t<div class=\"gdlr-core-pbf-wrapper\"><div class=\"gdlr-core-pbf-wrapper-content gdlr-core-js\"><div class=\"gdlr-core-pbf-wrapper-container clearfix gdlr-core-container\"><div class=\"gdlr-core-pbf-column gdlr-core-column-30\"><div class=\"gdlr-core-pbf-column-content-margin gdlr-core-js gdlr-core-column-extend-right\" data-sync-height=\"height-2\" data-sync-height-center=\"\"><div class=\"gdlr-core-pbf-column-content clearfix gdlr-core-js gdlr-core-sync-height-content\" data-gdlr-animation-duration=\"600ms\" data-gdlr-animation-offset=\"0.8\"><div class=\"gdlr-core-pbf-element\"><div class=\"gdlr-core-text-box-item gdlr-core-item-pdlr gdlr-core-item-pdb gdlr-core-left-align\"><div class=\"gdlr-core-text-box-item-content\"><p><span lang=\"EN-US\">Servimos a m\u00e1s de 70 hoteles en y alrededor de Miami. Puede encontrarnos en cualquier lugar del centro de la ciudad, Brickell y el distrito financiero, as\u00ed como a minutos del puerto de Miami, el aeropuerto, los centros comerciales, los restaurantes y los suburbios.<\/span><\/p><p><span lang=\"EN-US\">Fantastic Tours tambi\u00e9n ofrece recorridos privados, que generalmente duran 3 horas, en Miami y sus alrededores y \u00e1reas espec\u00edficas de inter\u00e9s.<\/span><\/p><p><span lang=\"EN-US\">Para enterarte de m\u00e1s escr\u00edbenos a info@miamifantastictours.com o comun\u00edcate a (305) 432 9793<\/span><\/p><\/div><\/div><\/div><\/div><\/div><\/div><\/div><\/div><\/div>\t\t\t\t\t\t\t\t<\/div>\n\t\t\t\t<\/div>\n\t\t\t\t\t<\/div>\n\t\t<\/div>\n\t\t\t\t\t<\/div>\n\t\t<\/section>\n\t\t\t\t<\/div>","protected":false},"excerpt":{"rendered":"<p>The Story About Us Best Tours We have incredible plans for you and your family, come on and let us show you the way of fun. Best Guides It\u2019s not enough to know the places, what really makes the difference is to know the history behind them. Everyday We open everyday of the week with [&hellip;]<\/p>","protected":false},"author":1,"featured_media":0,"parent":0,"menu_order":0,"comment_status":"closed","ping_status":"closed","template":"","meta":{"footnotes":""},"class_list":["post-30","page","type-page","status-publish","hentry"],"_links":{"self":[{"href":"https:\/\/fantastictoursmiami.com\/es\/wp-json\/wp\/v2\/pages\/30","targetHints":{"allow":["GET"]}}],"collection":[{"href":"https:\/\/fantastictoursmiami.com\/es\/wp-json\/wp\/v2\/pages"}],"about":[{"href":"https:\/\/fantastictoursmiami.com\/es\/wp-json\/wp\/v2\/types\/page"}],"author":[{"embeddable":true,"href":"https:\/\/fantastictoursmiami.com\/es\/wp-json\/wp\/v2\/users\/1"}],"replies":[{"embeddable":true,"href":"https:\/\/fantastictoursmiami.com\/es\/wp-json\/wp\/v2\/comments?post=30"}],"version-history":[{"count":18,"href":"https:\/\/fantastictoursmiami.com\/es\/wp-json\/wp\/v2\/pages\/30\/revisions"}],"predecessor-version":[{"id":1797,"href":"https:\/\/fantastictoursmiami.com\/es\/wp-json\/wp\/v2\/pages\/30\/revisions\/1797"}],"wp:attachment":[{"href":"https:\/\/fantastictoursmiami.com\/es\/wp-json\/wp\/v2\/media?parent=30"}],"curies":[{"name":"wp","href":"https:\/\/api.w.org\/{rel}","templated":true}]}}